{"id":1065,"date":"2013-06-04T14:42:14","date_gmt":"2013-06-04T14:42:14","guid":{"rendered":"http:\/\/lhotse.si\/?page_id=1065"},"modified":"2018-11-30T23:36:07","modified_gmt":"2018-11-30T23:36:07","slug":"blog","status":"publish","type":"page","link":"https:\/\/www.lhotse.si\/ar\/blog\/","title":{"rendered":"Matura"},"content":{"rendered":"<p>NOVO: INTENZIVNE PRIPRAVE NA MATURO! Bohinj, Polje 130, 4264 Bohinjska Bistrica. Dvo- ali tridnevni intenzivni paketi: priprava na matematiko in nem\u0161\u010dino. PROMOCIJSKA CENA: 85\u20ac \u2013 2 dni \u2013 1 no\u010ditev; 105\u20ac \u2013 3 dnevi \u2013 2 no\u010ditvi. V ceno je vklju\u010denih 6 ur skupinskih in\u0161trukcij na dan (3 dopoldne in 3 popoldne) ter 30 min individualnega dela na osebo.\u00a0<strong>DATUMI:<\/strong>\u00a05. in 6. junij 8. \u2013 10. avgust 22. \u2013 24. avgust<\/p>","protected":false},"excerpt":{"rendered":"<p>NOVO: INTENZIVNE PRIPRAVE NA MATURO! Bohinj, Polje 130, 4264 Bohinjska Bistrica. Dvo- ali tridnevni intenzivni paketi: priprava na matematiko in nem\u0161\u010dino. PROMOCIJSKA CENA: 85\u20ac \u2013 2 dni \u2013 1 no\u010ditev; 105\u20ac \u2013 3 dnevi \u2013 2 no\u010ditvi. V ceno je vklju\u010denih 6 ur skupinskih in\u0161trukcij na dan (3 dopoldne in 3 popoldne) ter 30 min [&hellip;]<\/p>\n","protected":false},"author":1,"featured_media":0,"parent":0,"menu_order":0,"comment_status":"closed","ping_status":"closed","template":"page-blog.php","meta":{"footnotes":""},"class_list":["post-1065","page","type-page","status-publish","hentry"],"_links":{"self":[{"href":"https:\/\/www.lhotse.si\/ar\/wp-json\/wp\/v2\/pages\/1065","targetHints":{"allow":["GET"]}}],"collection":[{"href":"https:\/\/www.lhotse.si\/ar\/wp-json\/wp\/v2\/pages"}],"about":[{"href":"https:\/\/www.lhotse.si\/ar\/wp-json\/wp\/v2\/types\/page"}],"author":[{"embeddable":true,"href":"https:\/\/www.lhotse.si\/ar\/wp-json\/wp\/v2\/users\/1"}],"replies":[{"embeddable":true,"href":"https:\/\/www.lhotse.si\/ar\/wp-json\/wp\/v2\/comments?post=1065"}],"version-history":[{"count":13,"href":"https:\/\/www.lhotse.si\/ar\/wp-json\/wp\/v2\/pages\/1065\/revisions"}],"predecessor-version":[{"id":1727,"href":"https:\/\/www.lhotse.si\/ar\/wp-json\/wp\/v2\/pages\/1065\/revisions\/1727"}],"wp:attachment":[{"href":"https:\/\/www.lhotse.si\/ar\/wp-json\/wp\/v2\/media?parent=1065"}],"curies":[{"name":"wp","href":"https:\/\/api.w.org\/{rel}","templated":true}]}}